{"id":1011,"date":"2021-03-09T14:11:06","date_gmt":"2021-03-09T20:11:06","guid":{"rendered":"http:\/\/radiocepad.org\/?page_id=1011"},"modified":"2021-03-09T15:50:31","modified_gmt":"2021-03-09T21:50:31","slug":"dia-internacional-de-la-mujer-2021","status":"publish","type":"page","link":"https:\/\/radiocepad.org\/?page_id=1011","title":{"rendered":"D\u00eda Internacional de la Mujer 2021"},"content":{"rendered":"\n<p>Asimismo, las mujeres se encuentran al frente de la batalla contra la\n Covid-19, como trabajadoras del sector de la salud y en primera l\u00ednea, y\n como cient\u00edficas, m\u00e9dicas y cuidadoras; no obstante, ganan un 11 por \nciento menos globalmente en comparaci\u00f3n con sus hom\u00f3logos masculinos. \nComo se\u00f1ala un an\u00e1lisis de equipos de trabajo sobre la Covid-19 de 87 \npa\u00edses, solamente el 3,5 por ciento de estos ten\u00edan paridad de g\u00e9nero.<\/p>\n\n\n\n<p>Este a\u00f1o, el tema del D\u00eda Internacional de la Mujer (8 de marzo), <em>\u201cMujeres l\u00edderes: Por un futuro igualitario en el mundo de la Covid-19\u201d<\/em>,  celebra los enormes esfuerzos realizados por mujeres y ni\u00f1as de todo el  mundo a la hora de definir un futuro m\u00e1s igualitario y la recuperaci\u00f3n  ante la pandemia de Covid-19, y resalta las deficiencias que persisten.<\/p>\n\n\n\n<p><\/p>\n","protected":false},"excerpt":{"rendered":"<p>Asimismo, las mujeres se encuentran al frente de la batalla contra la Covid-19, como trabajadoras del sector de la salud y en primera l\u00ednea, y como cient\u00edficas, m\u00e9dicas y cuidadoras; no obstante, ganan un 11 por ciento menos globalmente en comparaci\u00f3n con sus hom\u00f3logos masculinos. Como se\u00f1ala un an\u00e1lisis de equipos de trabajo sobre la [&hellip;]<\/p>\n","protected":false},"author":6,"featured_media":1012,"parent":0,"menu_order":0,"comment_status":"closed","ping_status":"closed","template":"","meta":{"footnotes":""},"class_list":["post-1011","page","type-page","status-publish","has-post-thumbnail","hentry"],"_links":{"self":[{"href":"https:\/\/radiocepad.org\/index.php?rest_route=\/wp\/v2\/pages\/1011","targetHints":{"allow":["GET"]}}],"collection":[{"href":"https:\/\/radiocepad.org\/index.php?rest_route=\/wp\/v2\/pages"}],"about":[{"href":"https:\/\/radiocepad.org\/index.php?rest_route=\/wp\/v2\/types\/page"}],"author":[{"embeddable":true,"href":"https:\/\/radiocepad.org\/index.php?rest_route=\/wp\/v2\/users\/6"}],"replies":[{"embeddable":true,"href":"https:\/\/radiocepad.org\/index.php?rest_route=%2Fwp%2Fv2%2Fcomments&post=1011"}],"version-history":[{"count":1,"href":"https:\/\/radiocepad.org\/index.php?rest_route=\/wp\/v2\/pages\/1011\/revisions"}],"predecessor-version":[{"id":1013,"href":"https:\/\/radiocepad.org\/index.php?rest_route=\/wp\/v2\/pages\/1011\/revisions\/1013"}],"wp:featuredmedia":[{"embeddable":true,"href":"https:\/\/radiocepad.org\/index.php?rest_route=\/wp\/v2\/media\/1012"}],"wp:attachment":[{"href":"https:\/\/radiocepad.org\/index.php?rest_route=%2Fwp%2Fv2%2Fmedia&parent=1011"}],"curies":[{"name":"wp","href":"https:\/\/api.w.org\/{rel}","templated":true}]}}