{"id":2,"date":"2014-07-28T16:38:12","date_gmt":"2014-07-28T16:38:12","guid":{"rendered":"http:\/\/radiocepad.org\/nueva\/?page_id=2"},"modified":"2015-03-15T21:22:36","modified_gmt":"2015-03-16T03:22:36","slug":"pagina-ejemplo","status":"publish","type":"page","link":"https:\/\/radiocepad.org\/?page_id=2","title":{"rendered":"Programaci\u00f3n"},"content":{"rendered":"<p>Nuestros locutores<\/p>\n<p><strong>1. MARIBEL MORENO:<\/strong> locutora de los d\u00edas lunes a viernes, en horario de la ma\u00f1ana, dirige varios programas juveniles y predicas, su mejor satisfacci\u00f3n es complacer al oyente.<\/p>\n<p><strong>2. MISAEL CASTILLO:<\/strong> es el programador de la radio, trabaja de mi\u00e9rcoles a s\u00e1bados, es encargado de tener actualizad la programaci\u00f3n y dirigir a los locutores.<\/p>\n<p><strong>3. JUAN CARLOS CALDERON:<\/strong> es locutor de los d\u00edas lunes a miercoles, complacer a la audiencia, y hacer su programa de deportes, para mantener informado al p\u00fablico.<\/p>\n<p><strong>4. IVANIA ALVARES:<\/strong> locutora de los d\u00edas jueves y viernes, dirige programa juveniles y le encanta decir chistes y comentarios b\u00edblicos para mantener una alta audiencia.<\/p>\n<p><strong>5. DAYTON BRENES:<\/strong> director de la revista por Nicaragua, que se transmite de lunes a viernes a las 10am, ah\u00ed escuchara todas las noticias m\u00e1s actuales que pasa en el entorno del pa\u00eds y a nivel internacional.<\/p>\n<p><strong>6. DEBORA REYES:<\/strong> directora del programa de cocinas PLATILLOS Y MUCHO MAS, ah\u00ed escuchara diversas recetas nacionales e internacionales y tambi\u00e9n informaci\u00f3n nutritiva, todos los martes y jueves a las 11am.<\/p>\n<p><strong>7. MARIO NU\u00d1ES:<\/strong> director del programa CORREO 1120, un programa de complacencias musicales, lee mensajes de los oyentes en el \u00e1rea rural y brinda consejos.<\/p>\n<p><strong>PROGRAMACI\u00d3N<\/strong><\/p>\n<p>05:00 AM&#8230;Lunes a s\u00e1bado&#8230;DEVOCIONAL CAMINO DE VIDA.<br \/>\n05:30 AM ..Lunes a s\u00e1bado..EL CORREO 1120 .<br \/>\n06:00 AM&#8230;Lunes a s\u00e1bado..C\u00c1NTICOS CELESTES.<br \/>\n07:00 AM&#8230;Lunes, Martes, jueves&#8230;.ORIENTACIONES<br \/>\n08:30 AM&#8230;Lunes a viernes&#8230;. EN EL GETSEMANI<br \/>\n10:00 AM&#8230;Lunes a viernes&#8230;.REVISTA POR NICARAGUA<br \/>\n11:30 AM&#8230;Lunes y viernes&#8230;&#8230;.MUJERES DE LA BIBLIA<br \/>\n12:30 PM&#8230;&#8230;Lunes&#8230;&#8230;SURCOS DE ESPERANZA<br \/>\n02:00 PM..Lunes y viernes&#8230;.TARDES DE ARCO IRIS.<br \/>\n11:00 AM&#8230;Martes y Jueves&#8230;.PLATILLOS Y MAS.<br \/>\n01:00 PM&#8230;..Martes&#8230;.NOTICIERO ANALIZANDO LA NOTICIA<br \/>\n07:00 AM&#8230;.Mi\u00e9rcoles y viernes&#8230;..LA BIBLIA Y LA VIDA NACIONAL<br \/>\n08:30 AM&#8230;&#8230;S\u00e1bados&#8230;&#8230;CLUB INFANTIL ARCO IRIS.<br \/>\n03:00 PM&#8230;.s\u00e1bados&#8230;&#8230;&#8230;RESUMEN INFORMATIVO<br \/>\n07:00 AM&#8230;.Domingos&#8230;&#8230;.EL INFORMATIVO EVANG\u00c9LICO.<br \/>\n08:00 AM&#8230;..Domingos&#8230;.EN LA CRUZ CON CRISTO ESTOY<\/p>\n","protected":false},"excerpt":{"rendered":"<p>Nuestros locutores 1. MARIBEL MORENO: locutora de los d\u00edas lunes a viernes, en horario de la ma\u00f1ana, dirige varios programas juveniles y predicas, su mejor satisfacci\u00f3n es complacer al oyente. 2. MISAEL CASTILLO: es el programador de la radio, trabaja de mi\u00e9rcoles a s\u00e1bados, es encargado de tener actualizad la programaci\u00f3n y dirigir a los [&hellip;]<\/p>\n","protected":false},"author":1,"featured_media":0,"parent":0,"menu_order":0,"comment_status":"closed","ping_status":"closed","template":"","meta":{"footnotes":""},"class_list":["post-2","page","type-page","status-publish","hentry"],"_links":{"self":[{"href":"https:\/\/radiocepad.org\/index.php?rest_route=\/wp\/v2\/pages\/2","targetHints":{"allow":["GET"]}}],"collection":[{"href":"https:\/\/radiocepad.org\/index.php?rest_route=\/wp\/v2\/pages"}],"about":[{"href":"https:\/\/radiocepad.org\/index.php?rest_route=\/wp\/v2\/types\/page"}],"author":[{"embeddable":true,"href":"https:\/\/radiocepad.org\/index.php?rest_route=\/wp\/v2\/users\/1"}],"replies":[{"embeddable":true,"href":"https:\/\/radiocepad.org\/index.php?rest_route=%2Fwp%2Fv2%2Fcomments&post=2"}],"version-history":[{"count":5,"href":"https:\/\/radiocepad.org\/index.php?rest_route=\/wp\/v2\/pages\/2\/revisions"}],"predecessor-version":[{"id":473,"href":"https:\/\/radiocepad.org\/index.php?rest_route=\/wp\/v2\/pages\/2\/revisions\/473"}],"wp:attachment":[{"href":"https:\/\/radiocepad.org\/index.php?rest_route=%2Fwp%2Fv2%2Fmedia&parent=2"}],"curies":[{"name":"wp","href":"https:\/\/api.w.org\/{rel}","templated":true}]}}