{"id":20,"date":"2014-07-28T18:14:50","date_gmt":"2014-07-28T18:14:50","guid":{"rendered":"http:\/\/radiocepad.org\/nueva\/?page_id=20"},"modified":"2014-09-02T00:12:51","modified_gmt":"2014-09-02T06:12:51","slug":"contactenos","status":"publish","type":"page","link":"https:\/\/radiocepad.org\/?page_id=20","title":{"rendered":"Cont\u00e1ctenos"},"content":{"rendered":"<p>Si desea mayor informaci\u00f3n, por favor cont\u00e1ctenos en cualquier momento y nosotros con gusto le estaremos contactando:<\/p>\n<div id=\"vfb-form-5\" class=\"visual-form-builder-container\"><form id=\"contactenos-5\" class=\"visual-form-builder vfb-form-5 \" method=\"post\" enctype=\"multipart\/form-data\">\n\t  \t<input type=\"hidden\" name=\"form_id\" value=\"5\" \/><fieldset class=\"vfb-fieldset vfb-fieldset-1 datos-de-la-persona \" id=\"item-vfb-63\"><div class=\"vfb-legend\"><h3>Datos de la persona<\/h3><\/div><ul class=\"vfb-section vfb-section-1\"><li class=\"vfb-item vfb-item-text  \" id=\"item-vfb-67\"><label for=\"vfb-67\" class=\"vfb-desc\">Nombre completo  <span class=\"vfb-required-asterisk\">*<\/span><\/label><input type=\"text\" name=\"vfb-67\" id=\"vfb-67\" value=\"\" class=\"vfb-text  vfb-medium  required  \" \/><\/li><li class=\"vfb-item vfb-item-text  \" id=\"item-vfb-68\"><label for=\"vfb-68\" class=\"vfb-desc\">Direcci\u00f3n f\u00edsica <\/label><input type=\"text\" name=\"vfb-68\" id=\"vfb-68\" value=\"\" class=\"vfb-text  vfb-medium   \" \/><\/li><li class=\"vfb-item vfb-item-email  \" id=\"item-vfb-69\"><label for=\"vfb-69\" class=\"vfb-desc\">Email  <span class=\"vfb-required-asterisk\">*<\/span><\/label><input type=\"email\" name=\"vfb-69\" id=\"vfb-69\" value=\"\" class=\"vfb-text  vfb-medium  required  email \" \/><\/li><li class=\"vfb-item vfb-item-phone  \" id=\"item-vfb-70\"><label for=\"vfb-70\" class=\"vfb-desc\">Tel\u00e9fono de Contacto  <span class=\"vfb-required-asterisk\">*<\/span><\/label><input type=\"tel\" name=\"vfb-70\" id=\"vfb-70\" value=\"\" class=\"vfb-text  vfb-medium  required  phone \" \/><\/li><li class=\"vfb-item vfb-item-select  \" id=\"item-vfb-71\"><label for=\"vfb-71\" class=\"vfb-desc\">Seleccione su pa\u00eds <\/label><select name=\"vfb-71\" id=\"vfb-71\" class=\"vfb-select  vfb-medium  \"><option value=\"Costa Rica\">Costa Rica<\/option><option value=\"Nicaragua\">Nicaragua<\/option><option value=\"El Salvador\">El Salvador<\/option><\/select><\/li><li class=\"vfb-item vfb-item-textarea  \" id=\"item-vfb-79\"><label for=\"vfb-79\" class=\"vfb-desc\">\u00bfEn qu\u00e9 le podemos servir? <\/label><div><textarea name=\"vfb-79\" id=\"vfb-79\" class=\"vfb-textarea  vfb-medium  \"><\/textarea><\/div><\/li><\/ul>&nbsp;<\/fieldset><fieldset class=\"vfb-fieldset vfb-fieldset-2 verificacion \" id=\"item-vfb-64\" style=\"display:block\"><div class=\"vfb-legend\"><h3>Verificaci\u00f3n<\/h3><\/div><ul class=\"vfb-section vfb-section-2\"><li class=\"vfb-item vfb-item-secret\"  style=\"display:block\"><label for=\"vfb-65\" class=\"vfb-desc\">Por favor escriba dos d\u00edgitos <span class=\"vfb-required-asterisk\">*<\/span><\/label><input type=\"hidden\" name=\"_vfb-secret\" value=\"vfb-65\" \/><span class=\"vfb-span\"><input type=\"text\" name=\"vfb-65\" id=\"vfb-65\" value=\"\" class=\"vfb-text  vfb-medium  required {digits:true,maxlength:2,minlength:2} \" style=\"display:block\" \/><label>Ejemplo: 12<\/label><\/span><li style=\"display:none;\"><label>Esta caja es para protecci\u00f3n contra el spam - &lt;strong&gt;por favor d\u00e9jalo en blanco&lt;\/strong&gt;:<\/label><div><input name=\"vfb-spam\" \/><\/div><\/li>\n\t\t\t<li class=\"vfb-item vfb-item-submit\" id=\"item-vfb-66\">\n\t\t\t\t<input type=\"submit\" name=\"vfb-submit\" id=\"vfb-66\" value=\"Enviar\" class=\"vfb-submit \" \/>\n\t\t\t\t<\/li><\/ul>\n\t\t\t<\/fieldset><input type=\"hidden\" name=\"_wp_http_referer\" value=\"\/index.php?rest_route=%2Fwp%2Fv2%2Fpages%2F20\" \/><\/form><\/div> <!-- .visual-form-builder-container -->\n","protected":false},"excerpt":{"rendered":"<p>Si desea mayor informaci\u00f3n, por favor cont\u00e1ctenos en cualquier momento y nosotros con gusto le estaremos contactando:<\/p>\n","protected":false},"author":1,"featured_media":0,"parent":0,"menu_order":0,"comment_status":"closed","ping_status":"closed","template":"","meta":{"footnotes":""},"class_list":["post-20","page","type-page","status-publish","hentry"],"_links":{"self":[{"href":"https:\/\/radiocepad.org\/index.php?rest_route=\/wp\/v2\/pages\/20","targetHints":{"allow":["GET"]}}],"collection":[{"href":"https:\/\/radiocepad.org\/index.php?rest_route=\/wp\/v2\/pages"}],"about":[{"href":"https:\/\/radiocepad.org\/index.php?rest_route=\/wp\/v2\/types\/page"}],"author":[{"embeddable":true,"href":"https:\/\/radiocepad.org\/index.php?rest_route=\/wp\/v2\/users\/1"}],"replies":[{"embeddable":true,"href":"https:\/\/radiocepad.org\/index.php?rest_route=%2Fwp%2Fv2%2Fcomments&post=20"}],"version-history":[{"count":3,"href":"https:\/\/radiocepad.org\/index.php?rest_route=\/wp\/v2\/pages\/20\/revisions"}],"predecessor-version":[{"id":436,"href":"https:\/\/radiocepad.org\/index.php?rest_route=\/wp\/v2\/pages\/20\/revisions\/436"}],"wp:attachment":[{"href":"https:\/\/radiocepad.org\/index.php?rest_route=%2Fwp%2Fv2%2Fmedia&parent=20"}],"curies":[{"name":"wp","href":"https:\/\/api.w.org\/{rel}","templated":true}]}}