{"id":29,"date":"2014-07-28T18:46:52","date_gmt":"2014-07-28T18:46:52","guid":{"rendered":"http:\/\/radiocepad.org\/nueva\/?page_id=29"},"modified":"2015-03-15T21:06:32","modified_gmt":"2015-03-16T03:06:32","slug":"quienes-somos","status":"publish","type":"page","link":"https:\/\/radiocepad.org\/?page_id=29","title":{"rendered":"\u00bfQui\u00e9nes somos?"},"content":{"rendered":"<p>Radio CEPAD como voz oficial del CEPAD, es un ministerio del Consejo de Iglesias Evang\u00e9licas Pro Alianza Denominacional \u2013 CEPAD- para la divulgaci\u00f3n del Evangelio de Jesucristo. Un Evangelio integral en favor de los sectores m\u00e1s pobres y vulnerables de la poblaci\u00f3n. Radio CEPAD fue creada por decisi\u00f3n de la Asamblea del CEPAD, un 14 de Mayo de 1987, iniciando sus transmisiones el 02 de Diciembre de 1992. Es administrada por la direcci\u00f3n Ejecutiva del CEPAD, con la supervisi\u00f3n de la comisi\u00f3n administradora de Radio (CAR) de la Asamblea General del CEPAD. Su Amplitud Modulada (AM), en la frecuencia 1120 Khz. Con esta potencia, su se\u00f1al sonora abarca casi toda el \u00e1rea del pac\u00edfico de Nicaragua y unos 200 Kil\u00f3metros desde Managua hacia el norte, nor-este y sur-este del pa\u00eds.\u00a0 A partir del mes de octubre del 2011 a todo el mundo por medio de su sitio web radiocepad.org<\/p>\n<p><strong>MISION<\/strong><\/p>\n<p>Proyectar el testimonio Evang\u00e9lico a favor de la justicia, solidaridad, paz y equidad de genero, vincul\u00e1ndolo a las necesidades de la poblaci\u00f3n por informarse, capacitarse y participar en los procesos de su propio desarrollo.<\/p>\n<p>Tener una programaci\u00f3n que oriente a la audiencia en los diferentes temas de la vida nacional (sociales, culturales, pol\u00edticos y religiosos) para una mejor toma de decisiones en nuestras comunidades desde nuestras perspectivas cristianas.<\/p>\n","protected":false},"excerpt":{"rendered":"<p>Radio CEPAD como voz oficial del CEPAD, es un ministerio del Consejo de Iglesias Evang\u00e9licas Pro Alianza Denominacional \u2013 CEPAD- para la divulgaci\u00f3n del Evangelio de Jesucristo. Un Evangelio integral en favor de los sectores m\u00e1s pobres y vulnerables de la poblaci\u00f3n. Radio CEPAD fue creada por decisi\u00f3n de la Asamblea del CEPAD, un 14 [&hellip;]<\/p>\n","protected":false},"author":1,"featured_media":0,"parent":0,"menu_order":0,"comment_status":"closed","ping_status":"closed","template":"","meta":{"footnotes":""},"class_list":["post-29","page","type-page","status-publish","hentry"],"_links":{"self":[{"href":"https:\/\/radiocepad.org\/index.php?rest_route=\/wp\/v2\/pages\/29","targetHints":{"allow":["GET"]}}],"collection":[{"href":"https:\/\/radiocepad.org\/index.php?rest_route=\/wp\/v2\/pages"}],"about":[{"href":"https:\/\/radiocepad.org\/index.php?rest_route=\/wp\/v2\/types\/page"}],"author":[{"embeddable":true,"href":"https:\/\/radiocepad.org\/index.php?rest_route=\/wp\/v2\/users\/1"}],"replies":[{"embeddable":true,"href":"https:\/\/radiocepad.org\/index.php?rest_route=%2Fwp%2Fv2%2Fcomments&post=29"}],"version-history":[{"count":3,"href":"https:\/\/radiocepad.org\/index.php?rest_route=\/wp\/v2\/pages\/29\/revisions"}],"predecessor-version":[{"id":469,"href":"https:\/\/radiocepad.org\/index.php?rest_route=\/wp\/v2\/pages\/29\/revisions\/469"}],"wp:attachment":[{"href":"https:\/\/radiocepad.org\/index.php?rest_route=%2Fwp%2Fv2%2Fmedia&parent=29"}],"curies":[{"name":"wp","href":"https:\/\/api.w.org\/{rel}","templated":true}]}}