{"id":415,"date":"2014-09-01T22:44:51","date_gmt":"2014-09-02T04:44:51","guid":{"rendered":"http:\/\/radiocepad.org\/nueva\/?page_id=415"},"modified":"2015-03-15T21:02:28","modified_gmt":"2015-03-16T03:02:28","slug":"alquiler-de-programas-radiales","status":"publish","type":"page","link":"https:\/\/radiocepad.org\/?page_id=415","title":{"rendered":"Alquiler de espacio radial"},"content":{"rendered":"<p>Radio cepad, a sus 23 a\u00f1os se escucha a nivel nacional e internacional, por medio de la p\u00e1gina web de la radio, por eso le ofrecemos espacios radiales como programas de noticias, religiosos, culturales, etc. En radio Cepad, ofrecemos espacios en la programaci\u00f3n de 1 hora, \u00bd hora y 15 minutos, con precios favorables y con horarios accesibles.<\/p>\n<p>Teniendo una transmisi\u00f3n de lunes a domingos de 5am a 6pm, puede descargar nuestro c\u00f3digo de \u00e9tica radial y llenar el formato de solicitud de programa, para que usted pueda saber que recomendamos a las personas o instituciones que quieran tener un espacio radial. An\u00edmese lo atenderemos con mucho gusto.<\/p>\n<p>Para contratar este servicio, por favor llenar el siguiente formulario:<\/p>\n<div id=\"vfb-form-1\" class=\"visual-form-builder-container\"><form id=\"alquiler-de-espacios-radiales-1\" class=\"visual-form-builder vfb-form-1 \" method=\"post\" enctype=\"multipart\/form-data\">\n\t  \t<input type=\"hidden\" name=\"form_id\" value=\"1\" \/><fieldset class=\"vfb-fieldset vfb-fieldset-1 datos-de-la-persona \" id=\"item-vfb-1\"><div class=\"vfb-legend\"><h3>Datos de la persona<\/h3><\/div><ul class=\"vfb-section vfb-section-1\"><li class=\"vfb-item vfb-item-text  \" id=\"item-vfb-5\"><label for=\"vfb-5\" class=\"vfb-desc\">Nombre completo  <span class=\"vfb-required-asterisk\">*<\/span><\/label><input type=\"text\" name=\"vfb-5\" id=\"vfb-5\" value=\"\" class=\"vfb-text  vfb-medium  required  \" \/><\/li><li class=\"vfb-item vfb-item-text  \" id=\"item-vfb-7\"><label for=\"vfb-7\" class=\"vfb-desc\">Direcci\u00f3n f\u00edsica <\/label><input type=\"text\" name=\"vfb-7\" id=\"vfb-7\" value=\"\" class=\"vfb-text  vfb-medium   \" \/><\/li><li class=\"vfb-item vfb-item-email  \" id=\"item-vfb-8\"><label for=\"vfb-8\" class=\"vfb-desc\">Email  <span class=\"vfb-required-asterisk\">*<\/span><\/label><input type=\"email\" name=\"vfb-8\" id=\"vfb-8\" value=\"\" class=\"vfb-text  vfb-medium  required  email \" \/><\/li><li class=\"vfb-item vfb-item-phone  \" id=\"item-vfb-9\"><label for=\"vfb-9\" class=\"vfb-desc\">Tel\u00e9fono de Contacto  <span class=\"vfb-required-asterisk\">*<\/span><\/label><input type=\"tel\" name=\"vfb-9\" id=\"vfb-9\" value=\"\" class=\"vfb-text  vfb-medium  required  phone \" \/><\/li><li class=\"vfb-item vfb-item-select  \" id=\"item-vfb-11\"><label for=\"vfb-11\" class=\"vfb-desc\">Seleccione su pa\u00eds <\/label><select name=\"vfb-11\" id=\"vfb-11\" class=\"vfb-select  vfb-medium  \"><option value=\"Costa Rica\">Costa Rica<\/option><option value=\"Nicaragua\">Nicaragua<\/option><option value=\"El Salvador\">El Salvador<\/option><\/select><\/li><\/ul>&nbsp;<\/fieldset><fieldset class=\"vfb-fieldset vfb-fieldset-2 datos-de-su-programa \" id=\"item-vfb-12\"><div class=\"vfb-legend\"><h3>Datos de su programa<\/h3><\/div><ul class=\"vfb-section vfb-section-2\"><li class=\"vfb-item vfb-item-checkbox  vfb-three-column \" id=\"item-vfb-14\"><label class=\"vfb-desc\">\u00bfEn qu\u00e9 d\u00eda quiere transmitir su programa <\/label><div><span class=\"vfb-span\"><input type=\"checkbox\" name=\"vfb-14[]\" id=\"vfb-14-0\" value=\"Lunes\" class=\"vfb-checkbox  \" \/><label for=\"vfb-14-0\" class=\"vfb-choice\">Lunes<\/label><\/span><span class=\"vfb-span\"><input type=\"checkbox\" name=\"vfb-14[]\" id=\"vfb-14-1\" value=\"Martes\" class=\"vfb-checkbox  \" \/><label for=\"vfb-14-1\" class=\"vfb-choice\">Martes<\/label><\/span><span class=\"vfb-span\"><input type=\"checkbox\" name=\"vfb-14[]\" id=\"vfb-14-2\" value=\"Mi\u00e9rcoles\" class=\"vfb-checkbox  \" \/><label for=\"vfb-14-2\" class=\"vfb-choice\">Mi\u00e9rcoles<\/label><\/span><span class=\"vfb-span\"><input type=\"checkbox\" name=\"vfb-14[]\" id=\"vfb-14-3\" value=\"Jueves\" class=\"vfb-checkbox  \" \/><label for=\"vfb-14-3\" class=\"vfb-choice\">Jueves<\/label><\/span><span class=\"vfb-span\"><input type=\"checkbox\" name=\"vfb-14[]\" id=\"vfb-14-4\" value=\"Viernes\" class=\"vfb-checkbox  \" \/><label for=\"vfb-14-4\" class=\"vfb-choice\">Viernes<\/label><\/span><span class=\"vfb-span\"><input type=\"checkbox\" name=\"vfb-14[]\" id=\"vfb-14-5\" value=\"S\u00e1bado\" class=\"vfb-checkbox  \" \/><label for=\"vfb-14-5\" class=\"vfb-choice\">S\u00e1bado<\/label><\/span><span class=\"vfb-span\"><input type=\"checkbox\" name=\"vfb-14[]\" id=\"vfb-14-6\" value=\"Domingo\" class=\"vfb-checkbox  \" \/><label for=\"vfb-14-6\" class=\"vfb-choice\">Domingo<\/label><\/span><div style=\"clear:both\"><\/div><\/div><\/li><li class=\"vfb-item vfb-item-select  \" id=\"item-vfb-15\"><label for=\"vfb-15\" class=\"vfb-desc\">\u00bfEn qu\u00e9 horario le gustar\u00eda transmitir su programa? <\/label><select name=\"vfb-15\" id=\"vfb-15\" class=\"vfb-select  vfb-medium  \"><option value=\"Durante la ma\u00f1ana\">Durante la ma\u00f1ana<\/option><option value=\"Al medio d\u00eda\">Al medio d\u00eda<\/option><option value=\"Durante la tarde\">Durante la tarde<\/option><\/select><\/li><li class=\"vfb-item vfb-item-select  \" id=\"item-vfb-16\"><label for=\"vfb-16\" class=\"vfb-desc\">\u00bfCu\u00e1nto dura su programa? <\/label><select name=\"vfb-16\" id=\"vfb-16\" class=\"vfb-select  vfb-medium  \"><option value=\"1 Hora\">1 Hora<\/option><option value=\"30 Minutos\">30 Minutos<\/option><option value=\"15 minutos\">15 minutos<\/option><\/select><\/li><li class=\"vfb-item vfb-item-file-upload  \" id=\"item-vfb-82\"><label for=\"vfb-82\" class=\"vfb-desc\">Adjuntar perfil de su programa <\/label><input type=\"file\" name=\"vfb-82\" id=\"vfb-82\" value=\"\" class=\"vfb-text  vfb-medium     {accept:'png|jpe?g|gif|doc|pdf'}\" \/><\/li><\/ul>&nbsp;<\/fieldset><fieldset class=\"vfb-fieldset vfb-fieldset-3 verificacion \" id=\"item-vfb-2\" style=\"display:block\"><div class=\"vfb-legend\"><h3>Verificaci\u00f3n<\/h3><\/div><ul class=\"vfb-section vfb-section-3\"><li class=\"vfb-item vfb-item-secret\"  style=\"display:block\"><label for=\"vfb-3\" class=\"vfb-desc\">Por favor escriba dos d\u00edgitos <span class=\"vfb-required-asterisk\">*<\/span><\/label><input type=\"hidden\" name=\"_vfb-secret\" value=\"vfb-3\" \/><span class=\"vfb-span\"><input type=\"text\" name=\"vfb-3\" id=\"vfb-3\" value=\"\" class=\"vfb-text  vfb-medium  required {digits:true,maxlength:2,minlength:2} \" style=\"display:block\" \/><label>Ejemplo: 12<\/label><\/span><li style=\"display:none;\"><label>Esta caja es para protecci\u00f3n contra el spam - &lt;strong&gt;por favor d\u00e9jalo en blanco&lt;\/strong&gt;:<\/label><div><input name=\"vfb-spam\" \/><\/div><\/li>\n\t\t\t<li class=\"vfb-item vfb-item-submit\" id=\"item-vfb-4\">\n\t\t\t\t<input type=\"submit\" name=\"vfb-submit\" id=\"vfb-4\" value=\"Enviar\" class=\"vfb-submit \" \/>\n\t\t\t\t<\/li><\/ul>\n\t\t\t<\/fieldset><input type=\"hidden\" name=\"_wp_http_referer\" value=\"\/index.php?rest_route=%2Fwp%2Fv2%2Fpages%2F415\" \/><\/form><\/div> <!-- .visual-form-builder-container -->\n","protected":false},"excerpt":{"rendered":"<p>Radio cepad, a sus 23 a\u00f1os se escucha a nivel nacional e internacional, por medio de la p\u00e1gina web de la radio, por eso le ofrecemos espacios radiales como programas de noticias, religiosos, culturales, etc. En radio Cepad, ofrecemos espacios en la programaci\u00f3n de 1 hora, \u00bd hora y 15 minutos, con precios favorables y [&hellip;]<\/p>\n","protected":false},"author":1,"featured_media":0,"parent":0,"menu_order":0,"comment_status":"closed","ping_status":"closed","template":"","meta":{"footnotes":""},"class_list":["post-415","page","type-page","status-publish","hentry"],"_links":{"self":[{"href":"https:\/\/radiocepad.org\/index.php?rest_route=\/wp\/v2\/pages\/415","targetHints":{"allow":["GET"]}}],"collection":[{"href":"https:\/\/radiocepad.org\/index.php?rest_route=\/wp\/v2\/pages"}],"about":[{"href":"https:\/\/radiocepad.org\/index.php?rest_route=\/wp\/v2\/types\/page"}],"author":[{"embeddable":true,"href":"https:\/\/radiocepad.org\/index.php?rest_route=\/wp\/v2\/users\/1"}],"replies":[{"embeddable":true,"href":"https:\/\/radiocepad.org\/index.php?rest_route=%2Fwp%2Fv2%2Fcomments&post=415"}],"version-history":[{"count":4,"href":"https:\/\/radiocepad.org\/index.php?rest_route=\/wp\/v2\/pages\/415\/revisions"}],"predecessor-version":[{"id":466,"href":"https:\/\/radiocepad.org\/index.php?rest_route=\/wp\/v2\/pages\/415\/revisions\/466"}],"wp:attachment":[{"href":"https:\/\/radiocepad.org\/index.php?rest_route=%2Fwp%2Fv2%2Fmedia&parent=415"}],"curies":[{"name":"wp","href":"https:\/\/api.w.org\/{rel}","templated":true}]}}