{"id":417,"date":"2014-09-01T22:45:53","date_gmt":"2014-09-02T04:45:53","guid":{"rendered":"http:\/\/radiocepad.org\/nueva\/?page_id=417"},"modified":"2015-03-15T20:58:31","modified_gmt":"2015-03-16T02:58:31","slug":"estudio-de-grabacion","status":"publish","type":"page","link":"https:\/\/radiocepad.org\/?page_id=417","title":{"rendered":"Estudio de grabaci\u00f3n"},"content":{"rendered":"<p>Radio CEPAD les ofrece el servicio de realizar diversos  programas como: programa especial de cumplea\u00f1os, para el d\u00eda de las madres, del padre, programas de noticias, ense\u00f1anzas b\u00edblicas, etc, Con el prop\u00f3sito que usted pueda escucharlo por la radio o lo pueda reproducir en su propia casa, usted decide c\u00f3mo realizarlo, puede ser con su propia vos o con los locutores y\/o artistas propio de la emisora y con precios accesibles. Solo en radio Cepad.<\/p>\n<p>Por favor complete el siguiente formulario:<\/p>\n<div id=\"vfb-form-4\" class=\"visual-form-builder-container\"><form id=\"estudio-de-grabacion-4\" class=\"visual-form-builder vfb-form-4 \" method=\"post\" enctype=\"multipart\/form-data\">\n\t  \t<input type=\"hidden\" name=\"form_id\" value=\"4\" \/><fieldset class=\"vfb-fieldset vfb-fieldset-1 datos-de-la-persona \" id=\"item-vfb-46\"><div class=\"vfb-legend\"><h3>Datos de la persona<\/h3><\/div><ul class=\"vfb-section vfb-section-1\"><li class=\"vfb-item vfb-item-text  \" id=\"item-vfb-50\"><label for=\"vfb-50\" class=\"vfb-desc\">Nombre completo  <span class=\"vfb-required-asterisk\">*<\/span><\/label><input type=\"text\" name=\"vfb-50\" id=\"vfb-50\" value=\"\" class=\"vfb-text  vfb-medium  required  \" \/><\/li><li class=\"vfb-item vfb-item-text  \" id=\"item-vfb-51\"><label for=\"vfb-51\" class=\"vfb-desc\">Direcci\u00f3n f\u00edsica <\/label><input type=\"text\" name=\"vfb-51\" id=\"vfb-51\" value=\"\" class=\"vfb-text  vfb-medium   \" \/><\/li><li class=\"vfb-item vfb-item-email  \" id=\"item-vfb-52\"><label for=\"vfb-52\" class=\"vfb-desc\">Email  <span class=\"vfb-required-asterisk\">*<\/span><\/label><input type=\"email\" name=\"vfb-52\" id=\"vfb-52\" value=\"\" class=\"vfb-text  vfb-medium  required  email \" \/><\/li><li class=\"vfb-item vfb-item-phone  \" id=\"item-vfb-53\"><label for=\"vfb-53\" class=\"vfb-desc\">Tel\u00e9fono de Contacto  <span class=\"vfb-required-asterisk\">*<\/span><\/label><input type=\"tel\" name=\"vfb-53\" id=\"vfb-53\" value=\"\" class=\"vfb-text  vfb-medium  required  phone \" \/><\/li><li class=\"vfb-item vfb-item-select  \" id=\"item-vfb-54\"><label for=\"vfb-54\" class=\"vfb-desc\">Seleccione su pa\u00eds <\/label><select name=\"vfb-54\" id=\"vfb-54\" class=\"vfb-select  vfb-medium  \"><option value=\"Costa Rica\">Costa Rica<\/option><option value=\"Nicaragua\">Nicaragua<\/option><option value=\"El Salvador\">El Salvador<\/option><\/select><\/li><\/ul>&nbsp;<\/fieldset><fieldset class=\"vfb-fieldset vfb-fieldset-2 datos-de-su-grabacion \" id=\"item-vfb-55\"><div class=\"vfb-legend\"><h3>Datos de su grabaci\u00f3n<\/h3><\/div><ul class=\"vfb-section vfb-section-2\"><li class=\"vfb-item vfb-item-checkbox  vfb-three-column \" id=\"item-vfb-80\"><label class=\"vfb-desc\">Cu\u00e9ntenos, \u00bfQu\u00e9 desea grabar? <\/label><div><span class=\"vfb-span\"><input type=\"checkbox\" name=\"vfb-80[]\" id=\"vfb-80-0\" value=\"Anuncios\" class=\"vfb-checkbox  \" \/><label for=\"vfb-80-0\" class=\"vfb-choice\">Anuncios<\/label><\/span><span class=\"vfb-span\"><input type=\"checkbox\" name=\"vfb-80[]\" id=\"vfb-80-1\" value=\"Invitaci\u00f3n a eventos\" class=\"vfb-checkbox  \" \/><label for=\"vfb-80-1\" class=\"vfb-choice\">Invitaci\u00f3n a eventos<\/label><\/span><span class=\"vfb-span\"><input type=\"checkbox\" name=\"vfb-80[]\" id=\"vfb-80-2\" value=\"Un disco\" class=\"vfb-checkbox  \" \/><label for=\"vfb-80-2\" class=\"vfb-choice\">Un disco<\/label><\/span><span class=\"vfb-span\"><input type=\"checkbox\" name=\"vfb-80[]\" id=\"vfb-80-3\" value=\"Programas especiales\" class=\"vfb-checkbox  \" \/><label for=\"vfb-80-3\" class=\"vfb-choice\">Programas especiales<\/label><\/span><span class=\"vfb-span\"><input type=\"checkbox\" name=\"vfb-80[]\" id=\"vfb-80-4\" value=\"Saludos de felicitaciones\" class=\"vfb-checkbox  \" \/><label for=\"vfb-80-4\" class=\"vfb-choice\">Saludos de felicitaciones<\/label><\/span><span class=\"vfb-span\"><input type=\"checkbox\" name=\"vfb-80[]\" id=\"vfb-80-5\" value=\"Otro\" class=\"vfb-checkbox  \" \/><label for=\"vfb-80-5\" class=\"vfb-choice\">Otro<\/label><\/span><div style=\"clear:both\"><\/div><\/div><\/li><li class=\"vfb-item vfb-item-select  \" id=\"item-vfb-57\"><label for=\"vfb-57\" class=\"vfb-desc\">\u00bfCu\u00e1nto dura su grabaci\u00f3n? <\/label><select name=\"vfb-57\" id=\"vfb-57\" class=\"vfb-select  vfb-medium  \"><option value=\"15 segundos\">15 segundos<\/option><option value=\"20 segundos\">20 segundos<\/option><option value=\"30 segundos\">30 segundos<\/option><option value=\"1 min o m\u00e1s\">1 min o m\u00e1s<\/option><\/select><\/li><li class=\"vfb-item vfb-item-select  \" id=\"item-vfb-59\"><label for=\"vfb-59\" class=\"vfb-desc\">\u00bfRequiere servicio de edici\u00f3n? <\/label><select name=\"vfb-59\" id=\"vfb-59\" class=\"vfb-select  vfb-medium  \"><option value=\"Si\">Si<\/option><option value=\"No\">No<\/option><option value=\"No estoy seguro\">No estoy seguro<\/option><\/select><\/li><li class=\"vfb-item vfb-item-select  \" id=\"item-vfb-61\"><label for=\"vfb-61\" class=\"vfb-desc\">\u00bfEn qu\u00e9 momento prefiere grabar? <\/label><select name=\"vfb-61\" id=\"vfb-61\" class=\"vfb-select  vfb-medium  \"><option value=\"Durante la ma\u00f1ana\">Durante la ma\u00f1ana<\/option><option value=\"Al medio d\u00eda\">Al medio d\u00eda<\/option><option value=\"Durante la tarde\">Durante la tarde<\/option><\/select><\/li><li class=\"vfb-item vfb-item-checkbox  vfb-three-column \" id=\"item-vfb-81\"><label class=\"vfb-desc\">\u00bfRequiere de algo en espec\u00edfico durante su grabaci\u00f3n? <\/label><div><span class=\"vfb-span\"><input type=\"checkbox\" name=\"vfb-81[]\" id=\"vfb-81-0\" value=\"M\u00fasica de fondo\" class=\"vfb-checkbox  \" \/><label for=\"vfb-81-0\" class=\"vfb-choice\">M\u00fasica de fondo<\/label><\/span><span class=\"vfb-span\"><input type=\"checkbox\" name=\"vfb-81[]\" id=\"vfb-81-1\" value=\"Voces especiales\" class=\"vfb-checkbox  \" \/><label for=\"vfb-81-1\" class=\"vfb-choice\">Voces especiales<\/label><\/span><span class=\"vfb-span\"><input type=\"checkbox\" name=\"vfb-81[]\" id=\"vfb-81-2\" value=\"Personajes de la radio\" class=\"vfb-checkbox  \" \/><label for=\"vfb-81-2\" class=\"vfb-choice\">Personajes de la radio<\/label><\/span><span class=\"vfb-span\"><input type=\"checkbox\" name=\"vfb-81[]\" id=\"vfb-81-3\" value=\"Grupo musical\" class=\"vfb-checkbox  \" \/><label for=\"vfb-81-3\" class=\"vfb-choice\">Grupo musical<\/label><\/span><span class=\"vfb-span\"><input type=\"checkbox\" name=\"vfb-81[]\" id=\"vfb-81-4\" value=\"Otro\" class=\"vfb-checkbox  \" \/><label for=\"vfb-81-4\" class=\"vfb-choice\">Otro<\/label><\/span><div style=\"clear:both\"><\/div><\/div><\/li><\/ul>&nbsp;<\/fieldset><fieldset class=\"vfb-fieldset vfb-fieldset-3 verificacion \" id=\"item-vfb-47\" style=\"display:block\"><div class=\"vfb-legend\"><h3>Verificaci\u00f3n<\/h3><\/div><ul class=\"vfb-section vfb-section-3\"><li class=\"vfb-item vfb-item-secret\"  style=\"display:block\"><label for=\"vfb-48\" class=\"vfb-desc\">Por favor escriba dos d\u00edgitos <span class=\"vfb-required-asterisk\">*<\/span><\/label><input type=\"hidden\" name=\"_vfb-secret\" value=\"vfb-48\" \/><span class=\"vfb-span\"><input type=\"text\" name=\"vfb-48\" id=\"vfb-48\" value=\"\" class=\"vfb-text  vfb-medium  required {digits:true,maxlength:2,minlength:2} \" style=\"display:block\" \/><label>Ejemplo: 12<\/label><\/span><li style=\"display:none;\"><label>Esta caja es para protecci\u00f3n contra el spam - &lt;strong&gt;por favor d\u00e9jalo en blanco&lt;\/strong&gt;:<\/label><div><input name=\"vfb-spam\" \/><\/div><\/li>\n\t\t\t<li class=\"vfb-item vfb-item-submit\" id=\"item-vfb-49\">\n\t\t\t\t<input type=\"submit\" name=\"vfb-submit\" id=\"vfb-49\" value=\"Enviar\" class=\"vfb-submit \" \/>\n\t\t\t\t<\/li><\/ul>\n\t\t\t<\/fieldset><input type=\"hidden\" name=\"_wp_http_referer\" value=\"\/index.php?rest_route=%2Fwp%2Fv2%2Fpages%2F417\" \/><\/form><\/div> <!-- .visual-form-builder-container -->\n","protected":false},"excerpt":{"rendered":"<p>Radio CEPAD les ofrece el servicio de realizar diversos programas como: programa especial de cumplea\u00f1os, para el d\u00eda de las madres, del padre, programas de noticias, ense\u00f1anzas b\u00edblicas, etc, Con el prop\u00f3sito que usted pueda escucharlo por la radio o lo pueda reproducir en su propia casa, usted decide c\u00f3mo realizarlo, puede ser con su [&hellip;]<\/p>\n","protected":false},"author":1,"featured_media":0,"parent":0,"menu_order":0,"comment_status":"closed","ping_status":"closed","template":"","meta":{"footnotes":""},"class_list":["post-417","page","type-page","status-publish","hentry"],"_links":{"self":[{"href":"https:\/\/radiocepad.org\/index.php?rest_route=\/wp\/v2\/pages\/417","targetHints":{"allow":["GET"]}}],"collection":[{"href":"https:\/\/radiocepad.org\/index.php?rest_route=\/wp\/v2\/pages"}],"about":[{"href":"https:\/\/radiocepad.org\/index.php?rest_route=\/wp\/v2\/types\/page"}],"author":[{"embeddable":true,"href":"https:\/\/radiocepad.org\/index.php?rest_route=\/wp\/v2\/users\/1"}],"replies":[{"embeddable":true,"href":"https:\/\/radiocepad.org\/index.php?rest_route=%2Fwp%2Fv2%2Fcomments&post=417"}],"version-history":[{"count":4,"href":"https:\/\/radiocepad.org\/index.php?rest_route=\/wp\/v2\/pages\/417\/revisions"}],"predecessor-version":[{"id":464,"href":"https:\/\/radiocepad.org\/index.php?rest_route=\/wp\/v2\/pages\/417\/revisions\/464"}],"wp:attachment":[{"href":"https:\/\/radiocepad.org\/index.php?rest_route=%2Fwp%2Fv2%2Fmedia&parent=417"}],"curies":[{"name":"wp","href":"https:\/\/api.w.org\/{rel}","templated":true}]}}