{"id":917,"date":"2019-10-16T13:41:55","date_gmt":"2019-10-16T19:41:55","guid":{"rendered":"http:\/\/radiocepad.org\/?page_id=917"},"modified":"2019-10-16T13:41:56","modified_gmt":"2019-10-16T19:41:56","slug":"la-mujer-rural-y-su-contribucion-en-el-desarrollo","status":"publish","type":"page","link":"https:\/\/radiocepad.org\/?page_id=917","title":{"rendered":"La mujer rural y su contribuci\u00f3n en el desarrollo"},"content":{"rendered":"\n<p>Nicaragua, ha desarrollo pol\u00edticas con enfoque de g\u00e9nero, programas socioproductrivos de impacto en los que se le da empoderamiento y capitalizaci\u00f3n a la mujer.<\/p>\n\n\n\n<p><strong>El primer D\u00eda Internacional de las Mujeres Rurales se celebr\u00f3 el 15 de octubre de 2008<\/strong>. Fue establecido por la Asamblea General de la ONU, de fecha 18 de diciembre de 2007. En ella reconoce \u00ab<em>la\n funci\u00f3n y contribuci\u00f3n decisivas de la mujer rural, incluida la mujer \nind\u00edgena, en la promoci\u00f3n del desarrollo agr\u00edcola y rural, la mejora de \nla seguridad alimentaria y la erradicaci\u00f3n de la pobreza rural<\/em><strong><em>\u00ab<\/em>.<\/strong><\/p>\n\n\n\n<p><strong>Las mujeres rurales representan m\u00e1s de un tercio de la poblaci\u00f3n mundial<\/strong>\n y el 43 por ciento de la mano de obra agr\u00edcola. Labran la tierra y \nplantan las semillas que alimentan naciones enteras. Adem\u00e1s, garantizan \nla seguridad alimentaria de sus poblaciones y ayudan a preparar a sus \ncomunidades frente al cambio clim\u00e1tico.<\/p>\n\n\n\n<h3 class=\"wp-block-heading\">Mujeres y ni\u00f1as rurales, creadoras de resiliencia clim\u00e1tica<\/h3>\n\n\n\n<p><strong>El tema de este a\u00f1o destaca el \nimportante papel que desempe\u00f1an las mujeres y ni\u00f1as del medio rural en \nel desarrollo de la resiliencia<\/strong> con que enfrentarse a la crisis clim\u00e1tica.<\/p>\n\n\n\n<p>A nivel mundial, una de cada tres mujeres \nempleadas trabaja en la agricultura. Hacen acopio de combustibles de \nbiomasa, procesan manualmente los alimentos y bombean agua.&nbsp;<\/p>\n\n\n\n<p>Las mujeres que viven en entornos rurales \nse ven muy afectadas por las amenazas a las que est\u00e1n sometidos los \nrecursos naturales y la agricultura.&nbsp;<\/p>\n","protected":false},"excerpt":{"rendered":"<p>Nicaragua, ha desarrollo pol\u00edticas con enfoque de g\u00e9nero, programas socioproductrivos de impacto en los que se le da empoderamiento y capitalizaci\u00f3n a la mujer. El primer D\u00eda Internacional de las Mujeres Rurales se celebr\u00f3 el 15 de octubre de 2008. Fue establecido por la Asamblea General de la ONU, de fecha 18 de diciembre de [&hellip;]<\/p>\n","protected":false},"author":6,"featured_media":918,"parent":0,"menu_order":0,"comment_status":"closed","ping_status":"closed","template":"","meta":{"footnotes":""},"class_list":["post-917","page","type-page","status-publish","has-post-thumbnail","hentry"],"_links":{"self":[{"href":"https:\/\/radiocepad.org\/index.php?rest_route=\/wp\/v2\/pages\/917","targetHints":{"allow":["GET"]}}],"collection":[{"href":"https:\/\/radiocepad.org\/index.php?rest_route=\/wp\/v2\/pages"}],"about":[{"href":"https:\/\/radiocepad.org\/index.php?rest_route=\/wp\/v2\/types\/page"}],"author":[{"embeddable":true,"href":"https:\/\/radiocepad.org\/index.php?rest_route=\/wp\/v2\/users\/6"}],"replies":[{"embeddable":true,"href":"https:\/\/radiocepad.org\/index.php?rest_route=%2Fwp%2Fv2%2Fcomments&post=917"}],"version-history":[{"count":1,"href":"https:\/\/radiocepad.org\/index.php?rest_route=\/wp\/v2\/pages\/917\/revisions"}],"predecessor-version":[{"id":919,"href":"https:\/\/radiocepad.org\/index.php?rest_route=\/wp\/v2\/pages\/917\/revisions\/919"}],"wp:featuredmedia":[{"embeddable":true,"href":"https:\/\/radiocepad.org\/index.php?rest_route=\/wp\/v2\/media\/918"}],"wp:attachment":[{"href":"https:\/\/radiocepad.org\/index.php?rest_route=%2Fwp%2Fv2%2Fmedia&parent=917"}],"curies":[{"name":"wp","href":"https:\/\/api.w.org\/{rel}","templated":true}]}}