{"id":936,"date":"2019-12-09T16:28:49","date_gmt":"2019-12-09T22:28:49","guid":{"rendered":"http:\/\/radiocepad.org\/?page_id=936"},"modified":"2019-12-09T16:30:38","modified_gmt":"2019-12-09T22:30:38","slug":"esquema-del-adviento","status":"publish","type":"page","link":"https:\/\/radiocepad.org\/?page_id=936","title":{"rendered":"Esquema del Adviento"},"content":{"rendered":"\n<p>Tenemos cuatro semanas en las que Domingo a Domingo nos vamos preparando para la venida del Se\u00f1or. La primera de las semanas de adviento est\u00e1 centrada en la venida del Se\u00f1or al final de los tiempos. La liturgia nos invita a estar en vela, manteniendo una especial actitud de conversi\u00f3n. La segunda semana nos invita, por medio del Bautista a \u00abpreparar los caminos del Se\u00f1or\u00bb; esto es, a mantener una actitud de permanente conversi\u00f3n. Jes\u00fas sigue llam\u00e1ndonos, pues la conversi\u00f3n es un camino que se recorre durante toda la vida. La tercera semana pre-anuncia ya la alegr\u00eda mesi\u00e1nica, pues ya est\u00e1 cada vez m\u00e1s cerca el d\u00eda de la venida del Se\u00f1or. Finalmente, la cuarta semana ya nos habla del advenimiento del Hijo de Dios al mundo. Mar\u00eda es modelo est\u00edmulo de nuestra espera.<\/p>\n\n\n\n<p>En cuanto a las lecturas en los cultos dominicales, las primeras lecturas son tomadas de Isa\u00edas y de los dem\u00e1s profetas que anuncian la Reconciliaci\u00f3n de Dios y, la venida del Mes\u00edas. En los tres primeros domingos se recogen las grandes esperanzas de Israel y en el cuarto, las promesas m\u00e1s directas del nacimiento de Dios. Los salmos responsoriales cantan la salvaci\u00f3n de Dios que viene; son plegarias pidiendo su venida y su gracia. Las segundas lecturas son textos de San Pablo o las dem\u00e1s cartas apost\u00f3licas, que exhortan a vivir en espera de la venida del Se\u00f1or.<\/p>\n","protected":false},"excerpt":{"rendered":"<p>Tenemos cuatro semanas en las que Domingo a Domingo nos vamos preparando para la venida del Se\u00f1or. La primera de las semanas de adviento est\u00e1 centrada en la venida del Se\u00f1or al final de los tiempos. La liturgia nos invita a estar en vela, manteniendo una especial actitud de conversi\u00f3n. La segunda semana nos invita, [&hellip;]<\/p>\n","protected":false},"author":6,"featured_media":937,"parent":0,"menu_order":0,"comment_status":"closed","ping_status":"closed","template":"","meta":{"footnotes":""},"class_list":["post-936","page","type-page","status-publish","has-post-thumbnail","hentry"],"_links":{"self":[{"href":"https:\/\/radiocepad.org\/index.php?rest_route=\/wp\/v2\/pages\/936","targetHints":{"allow":["GET"]}}],"collection":[{"href":"https:\/\/radiocepad.org\/index.php?rest_route=\/wp\/v2\/pages"}],"about":[{"href":"https:\/\/radiocepad.org\/index.php?rest_route=\/wp\/v2\/types\/page"}],"author":[{"embeddable":true,"href":"https:\/\/radiocepad.org\/index.php?rest_route=\/wp\/v2\/users\/6"}],"replies":[{"embeddable":true,"href":"https:\/\/radiocepad.org\/index.php?rest_route=%2Fwp%2Fv2%2Fcomments&post=936"}],"version-history":[{"count":1,"href":"https:\/\/radiocepad.org\/index.php?rest_route=\/wp\/v2\/pages\/936\/revisions"}],"predecessor-version":[{"id":938,"href":"https:\/\/radiocepad.org\/index.php?rest_route=\/wp\/v2\/pages\/936\/revisions\/938"}],"wp:featuredmedia":[{"embeddable":true,"href":"https:\/\/radiocepad.org\/index.php?rest_route=\/wp\/v2\/media\/937"}],"wp:attachment":[{"href":"https:\/\/radiocepad.org\/index.php?rest_route=%2Fwp%2Fv2%2Fmedia&parent=936"}],"curies":[{"name":"wp","href":"https:\/\/api.w.org\/{rel}","templated":true}]}}